{"id":483,"date":"2017-06-14T15:19:42","date_gmt":"2017-06-14T15:19:42","guid":{"rendered":"https:\/\/spanien.st\/svenskar-vaeljer-spanien\/"},"modified":"2024-11-25T08:51:11","modified_gmt":"2024-11-25T08:51:11","slug":"svenskar-vaeljer-spanien","status":"publish","type":"page","link":"https:\/\/spanien.st\/de\/","title":{"rendered":"Auswandern nach Spanien"},"content":{"rendered":"<p>Sie spielen schon l\u00e4nger mit dem Gedanken ein neues Leben im S\u00fcden Europas&#8216; anzufangen? Graues Wetter und lange, kalte Wintermonate nerven Sie? Oder haben Sie einen Traum, den Sie in Spanien verwirklichen wollen? Die Gr\u00fcnde f\u00fcr das Auswandern nach Spanien k\u00f6nnen so vielseitig sein. Dennoch sollte man sich mit gewissen Themen rechtzeitig und im Voraus auseinandersetzen. Denn Auswandern ist eben nicht das Gleiche wie Urlaub in Spanien. Damit Sie bei diesem Abenteuer die wichtigsten Punkte nicht aus den Augen verlieren, haben wir hier kurz einmal die wichtigsten Informationen zusammengefasst. Hier erfahren Sie die grundlegenden Dinge, die Sie beim Auswandern nach Spanien in Bezug auf Immobilien, Steuern, Firmengr\u00fcndung und weitere wichtige Punkte beachten sollten.<\/p>\n<h2>Die Wahl der Region<\/h2>\n<p>Ist es eine berufliche Chance, die Sie nach Spanien ruft, haben Sie wahrscheinlich nicht die gro\u00dfe Wahl des Standorts. Wenn der neue Arbeitgeber in einem bestimmten Ort sitzt, informieren Sie sich dennoch vorher \u00fcber die Region. K\u00f6nnen Sie sich vorstellen, dort die n\u00e4chsten Jahre zu wohnen? Wer sich f\u00fcr das Auswandern nach Spanien entschieden hat und bei der Ortswahl flexibel ist, kann vor der finalen Entscheidung verschiedene Regionen kennenlernen. Je nach Ihrem Plan f\u00fcr das Auswandern nach Spanien k\u00f6nnen gewisse Regionen besser geeignet sein als andere. Vor allem, wenn Sie ein eigenes Gesch\u00e4ft er\u00f6ffnen m\u00f6chten, kann dies einen entscheidenden Einfluss auf die Wahl Ihres Standorts haben. Informieren Sie sich \u00fcber die regionalen Gegebenheiten, das Klima, Mentalit\u00e4t und sonstige Besonderheiten.<\/p>\n<h3>Kommunikation vor Ort<\/h3>\n<p>Wenn Sie nicht unbedingt f\u00fcr ein deutsches Unternehmen in Spanien arbeiten werden, ist es sinnvoll, die Grundlagen der spanischen Sprache zu erlernen. In Regionen wie Madrid, Mallorca oder auch rund um Barcelona mag es einfacher sein, sich auf Englisch zu verst\u00e4ndigen. Um aber wirklich vor Ort einen Zugang zu den Menschen zu gewinnen, sind ein paar grundlegende Vokabeln auf Spanisch sehr hilfreich. Die Spanier danken es, wenn Sie sich bem\u00fchen und oftmals \u00f6ffnet dies auch weitere T\u00fcren. In Spanien ist das Miteinander ein wichtiger Aspekt der Kultur, und der allt\u00e4gliche Austausch ist ein Baustein. Auch in Beh\u00f6rden kann es einfacher sein, wenn Sie ein gewisses Grundvokabular besitzen.<\/p>\n<h3>Spanien mit dem Auto<\/h3>\n<p>Wenn Sie sich entscheiden, mit dem Auto nach Spanien zu fahren, informieren Sie sich vorher \u00fcber die entsprechend g\u00fcltigen Verkehrsregeln. Beachten Sie die H\u00f6chstgeschwindigkeiten, die maximal 120 km\/h auf der Autobahn betragen. Sie k\u00f6nnen mit Ihrem deutschen F\u00fchrerschein und auch dem deutschen Kennzeichen in Spanien fahren. Wenn Sie auswandern und sich l\u00e4nger als 6 Monate in Spanien mit Ihrem Auto aufhalten, ist es Pflicht, Ihr Auto umzumelden. Daf\u00fcr ben\u00f6tigen Sie die Original-Fahrzeugpapiere, Ihren Reisepass, eine Wohnadresse oder g\u00fcltigen NIE sowie den Nachweis der erfolgreichen ITV-Pr\u00fcfung (gleicht dem deutschen T\u00dcV).<\/p>\n<h2>Immobilien mieten oder kaufen<\/h2>\n<p>Haben Sie sich f\u00fcr eine Region oder einen Wohnort entschieden, kommt die n\u00e4chste gro\u00dfe Entscheidung: mieten oder kaufen? Ist es das erste Mal, dass Sie in Spanien leben, ist das Mieten zum Anfang keine schlechte Idee. Nat\u00fcrlich ist der Kauf einer Immobilie auch immer eine Investition. Aber gerade, wenn Sie neu sind, dauert es eine Weile, bis Sie besser \u00fcber die verschiedenen Nachbarschaften und Gegenden Bescheid wissen. Darum ist es ratsam, mindestens die ersten 6 Monate eine Wohnung oder Haus zu mieten und Ihre Umgebung besser kennenzulernen. Dabei h\u00e4ngt es auch von der gew\u00e4hlten Region ab, wie sich der Wohnungsmarkt gestaltet. Gerade in urbanen Zentren wie Barcelona und Madrid ist es ratsam, rechtzeitig mit der Wohnungssuche anzufangen.<\/p>\n<h3>Der Kauf einer Immobilie<\/h3>\n<p>Wer sich fr\u00fcher oder sp\u00e4ter f\u00fcr den Kauf einer Immobilie entscheidet, sollten Sie dabei auf jeden Fall einen Makler zur Unterst\u00fctzung hinzuziehen. Suchen Sie auf Online-Plattformen wie idealista als auch \u00fcber Maklerb\u00fcros. Haben Sie eine geeignete Immobilie gefunden, die Ihren W\u00fcnschen und Ihrem Budget entspricht, k\u00f6nnen Sie einen Vorvertrag abschlie\u00dfen. Verlangen Sie daf\u00fcr vorher unbedingt die Nota Simple, die Auskunft \u00fcber die Registrierung und den Eigent\u00fcmer aus dem Grundbuch gibt. Manche Eigent\u00fcmer bieten auch den Mietkauf an, bei dem Sie f\u00fcr einen bestimmten Zeitraum Miete zahlen, die dann vom zuvor vereinbarten Kaufpreis bereits abgezogen wird. Nach 2 oder 3 Jahren f\u00e4llt dann die ausstehende Kaufsumme aus.<\/p>\n<p>Haben Sie ein Angebot unterbreitet und die Immobilie vorreserviert, k\u00f6nnen Sie sich um die Finanzierung des Objekts k\u00fcmmern. Ist daf\u00fcr eine Hypothek notwendig, informieren Sie sich auch bei Ihrem Makler, oft k\u00f6nnen Ihnen diese schon attraktive Angebote vermitteln. Wenn die Finanzierung gekl\u00e4rt ist, kann der Kaufvertrag beim Notar unterzeichnet werden. Um Missverst\u00e4ndnisse zu vermeiden, ist es ratsam, alle Unterlagen von einem Anwalt pr\u00fcfen zu lassen und einen Dolmetscher bei der Unterzeichnung pr\u00e4sent zu haben. Dann k\u00f6nnen Sie anschlie\u00dfend auch den Grundbucheintrag \u00e4ndern lassen. Beachten Sie bei Ihrer Budgetplanung, dass f\u00fcr Notarkosten, Steuern und \u00e4hnliches etwa 12- 15 % des Kaufpreises an zus\u00e4tzlichen Kosten anf\u00e4llt.<\/p>\n<h2>Steuer in Spanien: was muss ich beachten?<\/h2>\n<p>Grunds\u00e4tzlich gilt, wer sich mehr als 183 Tage in Spanien aufh\u00e4lt, gilt als ans\u00e4ssig und ist damit dazu verpflichtet, in Spanien Steuern zu zahlen. Gerade wenn Sie Eink\u00fcnfte in Deutschland und Spanien haben, m\u00fcssen Sie sich allerdings nicht sorgen, dass Sie doppelt Steuern zahlen m\u00fcssen. Denn die beiden L\u00e4nder haben ein Abkommen, um genau dies zu vermeiden. Davon sind unter anderem auch Rentner betroffen, die ihren Lebensabend in Spanien verbringen m\u00f6chten und weiterhin ihre Rente aus Deutschland beziehen. Informieren Sie sich rechtzeitig, wie sich Ihre pers\u00f6nliche Situation im spanischen Steuerrecht am besten organisieren l\u00e4sst. Ziehen Sie dazu am besten Steuerberater hinzu. Vor allem, wenn Sie selbst\u00e4ndig oder als Unternehmer t\u00e4tig sind, unterscheidet sich das spanische Steuersystem von Deutschland.<\/p>\n<p>In Spanien gilt ein progressives Steuersystem, sodass der Steuersatz abh\u00e4ngig von Ihrem Einkommen ist. Diese Einkommenssteuer (IRPF) kann zwischen 19 % und 45 % liegen, es gibt zus\u00e4tzlich steuerliche Unterschiede von Provinz zu Provinz. Die Mehrwertsteuer IVA liegt generell bei 21 %. Beachten Sie unbedingt die jeweiligen Fristen f\u00fcr Steuerabgaben und \u00e4hnliches, da dies in Spanien in bestimmten Situationen viertelj\u00e4hrlich verlangt werden kann. Dies trifft unter anderem auf Selbst\u00e4ndige zu und ist obligatorisch.<\/p>\n<h2>Gr\u00fcnden einer Firma: wie geht das?<\/h2>\n<p>Wer mit einem Traum eines eigenen Unternehmens nach Spanien zieht, muss sich vorher schon \u00fcber bestimmte Dinge im Klaren sein. Wie auch in Deutschland gibt es verschiedene Optionen zur Firmengr\u00fcndung. Dabei sind die Sociedad Limitada (S.L.) und die Sociedad An\u00f3nima (S.A.) wohl die gebr\u00e4uchlichsten. Die S.L. ist der deutschen GmbH \u00e4hnlich, verlangt allerdings nur 3000 \u20ac Kapitaleinlage. Die S.A. entspricht in etwa der deutschen Aktiengesellschaft und verlangt eine Kapitalanlage von 60.000 \u20ac in Spanien. Gerade f\u00fcr Neuregistrierungen gibt es in den einzelnen Provinzen oft F\u00f6rderprogramme, darum ist es sinnvoll, sich dazu vorher zu informieren. Generell k\u00f6nnen Sie bei den regionalen IMFE-Instituten dazu n\u00e4here Informationen erhalten. Diese k\u00f6nnen Ihnen auch bei anderen F\u00f6rderm\u00f6glichkeiten beraten, zum Beispiel, wenn Sie Personal suchen. Auch ein lokaler, mit den regionalen Gegebenheiten und Gesetzen vertraute Steuer- oder Unternehmensberater kann eine gute Entscheidung sein.<\/p>\n<h3>Die Schritte zur Gr\u00fcndung<\/h3>\n<p>Haben Sie sich einmal f\u00fcr einen Standort und eine Rechtsform entschieden, k\u00f6nnen Sie ganz einfach online \u00fcberpr\u00fcfen, ob Ihr gew\u00fcnschter Firmenname verf\u00fcgbar ist und diesen auch gleichzeitig reservieren. Wenn Sie das Gesch\u00e4ftskonto mit der Kapitaleinlage eingerichtet haben, k\u00f6nnen Sie die Gr\u00fcndungsurkunde beim Notar erstellen und beglaubigen lassen. Verf\u00fcgen Sie \u00fcber die Gesch\u00e4ftsunterlagen, k\u00f6nnen Sie anschlie\u00dfend die Eintragung im Handelsregister vornehmen lassen. Dann fehlt nur noch die Registrierung bei den Finanzbeh\u00f6rden, bei denen Sie unter anderem die Steuernummer zugewiesen bekommen.<\/p>\n<h2>Auswandern mit Kindern<\/h2>\n<p>Wenn Sie nicht nur alleine, sondern mit der ganzen Familie auswandern, m\u00fcssen Sie sich zun\u00e4chst auch um die Bildung Ihrer Kinder k\u00fcmmern. Das spanische Schulsystem sieht statt dem Kindergarten die Vorschule (Educaci\u00f3n Infantil) vor. Darauf folgen \u00e4hnlich wie in Deutschland Grundschule, Sekundarstufe und Oberstufe, um das Bachillerato zu erlangen. Dabei gibt es in Spanien \u00f6ffentliche und private Schulen, sowie ein Modell, dass teilweise von der Kirche betrieben wird. Auch internationale Schulen, die oft bilateralen Unterricht anbieten, sind gerade in urbanen Regionen beliebt. Dabei gibt es englisch- und franz\u00f6sischsprachige wie auch deutsche Schulen. Sie k\u00f6nnen Ihre Kinder also wahlweise auch in einer deutschen Schule anmelden, wobei die Kinder hier nat\u00fcrlich auch Unterricht auf Spanisch erleben.<\/p>\n<p>Die Anmeldung \u00fcber das Schulamt richtet sich oft nach dem Wohnort, beachten Sie dies also auch bei Ihrer Immobiliensuche. Private und internationale Schulen haben oft eigene Anmeldeverfahren. Informieren Sie sich rechtzeitig, da die Pl\u00e4tze daf\u00fcr meist begrenzt und sehr beliebt sind. Dabei m\u00fcssen Unterlagen wie Geburtsurkunde und Schulzeugnisse vorgezeigt werden.<\/p>\n<h2>Gesundheit in Spanien<\/h2>\n<p>Als EU-B\u00fcrger haben Sie generell ein Zugangsrecht auf das \u00f6ffentliche Gesundheitssystem Spaniens. Dieses ist gut ausgebaut, k\u00e4mpft \u00e4hnlich wie Deutschland aber auch mit Herausforderungen wie Wartezeiten f\u00fcr Spezialisten und \u00e4hnliches. Haben Sie sich einmal in Spanien registriert, k\u00f6nnen Sie sich mit Ihrem NIE im zust\u00e4ndigen Gesundheitszentrum anmelden. Dort erhalten Sie dann Ihre Krankenkarte (Tarjeta Sanitaria). Auch die europ\u00e4ische Gesundheitskarte erm\u00f6glicht Ihnen Zugang zum Notdienst, allerdings sind dabei oft nur grundlegende Ma\u00dfnahmen inkludiert. Diese Option ist gerade bei Auswanderern nicht die ebste Wahl.<\/p>\n<p>Zus\u00e4tzlich k\u00f6nnen Sie auch eine private Krankenversicherung abschlie\u00dfen, Auswanderer w\u00e4hlen gerne diese Option. Damit haben Sie oftmals schnelleren Zugang zu Spezialisten sowie auch eine gr\u00f6\u00dfere Auswahl au\u00dferhalb der Gesundheitszentren. Somit k\u00f6nnen Sie zum Beispiel deutschsprachige \u00c4rzte w\u00e4hlen, insofern diese in der Region ans\u00e4ssig sind. Beachten Sie, dass Zahn\u00e4rzte generell nicht im \u00f6ffentlichen System inbegriffen sind. Sollten Sie hier also Leistungen inkludieren wollen, ist daf\u00fcr immer eine Zusatzversicherung notwendig. Online- und Video-Termine sind in Spanien keine Seltenheit, generell ist die Digitalisierung gerade bei den privaten Dienstleistern weiter ausgebaut.<\/p>\n<p><img loading=\"lazy\" decoding=\"async\" class=\"aligncenter size-full wp-image-180\" src=\"https:\/\/spanien.st\/wp-content\/uploads\/2017\/06\/ronda.jpg\" alt=\"Ronda Andalusien\" width=\"1280\" height=\"508\" srcset=\"https:\/\/spanien.st\/wp-content\/uploads\/2017\/06\/ronda.jpg 1280w, https:\/\/spanien.st\/wp-content\/uploads\/2017\/06\/ronda-300x119.jpg 300w, https:\/\/spanien.st\/wp-content\/uploads\/2017\/06\/ronda-768x305.jpg 768w, https:\/\/spanien.st\/wp-content\/uploads\/2017\/06\/ronda-1024x406.jpg 1024w\" sizes=\"auto, (max-width: 1280px) 100vw, 1280px\" \/><\/p>\n<h2>Urlaub in Spanien<\/h2>\n<p>Sie spielen mit dem Gedanken, nach Spanien auszuwandern? Wenn Sie die verschiedenen Ecken und Regionen noch nicht genauer kennen, ist ein Urlaub im Land ein guter erster Schritt. Auch f\u00fcr den allj\u00e4hrlichen Sommerurlaub ist Spanien eines der beliebtesten Ziele unter den deutschen Touristen. Damit Sie den Urlaub ganz nach Ihren Bed\u00fcrfnissen genie\u00dfen k\u00f6nnen, haben Sie im Land der Tapas unendliche M\u00f6glichkeiten. Denn ob die kanarischen Inseln, der spannende Norden oder der entspannte S\u00fcden &#8211; Spanien bietet eine Riesenvielfalt. Natur, Kultur und Abenteuer liegen in vielen Regionen nur wenige Meter voneinander entfernt. Beliebte Reiseziele sind dabei Barcelona, Madrid, Andalusien sowie die Balearen und kanarischen Inseln. Aber auch wer jenseits der beliebtesten Regionen neue Wege entdecken will, hat daf\u00fcr viele Gelegenheiten. Ob Valencia oder das Baskenland, Spanien hat auch in anderen Regionen viel zu bieten.<\/p>\n<h3>Unterkunft und Aktivit\u00e4ten<\/h3>\n<p>Ob Sie sich in 5* Hotels verw\u00f6hnen wollen oder eine Ferienwohnung anmieten, in Spanien k\u00f6nnen Sie Ihren Aufenthalt ganz nach Ihren Bed\u00fcrfnissen gestalten. Es gibt eine gro\u00dfe Auswahl an Unterk\u00fcnften, die Ihnen alle Annehmlichkeiten bieten, und dies in fast allen Preisklassen. Ob der pers\u00f6nliche Service in Pensionen oder das Rundum-Paket in den vielen All-inclusive-Hotels, der Tourismus in Spanien ist vielseitig. Wer es flexibler mag, kann sich f\u00fcr eines der vielen Touristen-Appartments entscheiden oder mit dem Wohnwagen durch das Land fahren. Auch l\u00e4ndliche Unterk\u00fcnfte haben in den letzten Jahre einen gro\u00dfen Aufschwung erlebt, von alternativen Unterk\u00fcnften wie Camping und Glamping bis hin zu klassischen Fincas.<\/p>\n<p>Durch die vielseitige Natur des Landes k\u00f6nnen Sie die vielseitigsten Aktivit\u00e4ten w\u00e4hlen. Wer Abenteuer liebt, kann in Spanien zu Wasser, auf dem Land oder in der Luft aufregende Sportarten ausprobieren und erlernen. Die verschiedenen Landschaften von den Pyren\u00e4en im Norden \u00fcber das Landesinnere bis hin zur mediterranen Landschaft im S\u00fcden des Landes bietet Spanien ein Paradies f\u00fcr alle Outdoor-Fans. Wollen Sie einfach entspannen, laden die Tausenden Kilometer K\u00fcste zu einem klassischen Strandurlaub ein.<\/p>\n<p>Dann gibt es nat\u00fcrlich noch La Liga und einen der besten Fu\u00dfballevents der Welt. Es gibt viele verschiedene Rivalit\u00e4ten zu verfolgen und zu beobachten, und wenn die Champions League l\u00e4uft, sind oft mehrere spanische Mannschaften beteiligt.<\/p>\n<h2>Auf in neue Abenteuer<\/h2>\n<p>Sie sehen also, das Auswandern nach Spanien will gut \u00fcberlegt und geplant sein. Es gibt viele Punkte, die von deutschen Vorg\u00e4ngen abweichen. Zudem muss man sich auch immer bewusst sein, dass man nicht nur in ein anderes Land auswandert. Auch die Kultur ist anders und damit muss man von Anfang bereit sein, Kompromisse einzugehen und Toleranz zu \u00fcben. Gerade die deutsche P\u00fcnktlichkeit und Liebe zu Papieren in Bezug auf Beh\u00f6rden ist in Spanien gew\u00f6hnungsbed\u00fcrftig. Das W\u00f6rtchen &#8222;ma\u00f1ana&#8220; (auf deutsch morgen) sollten Sie fr\u00fchzeitig lernen, denn es fasst die Kultur in Beh\u00f6rden gut zusammen. Bestimmte Dinge dauern in Spanien l\u00e4nger, sind anders oder nicht nach &#8222;deutschem Standard&#8220; organisiert. Geduld, Gelassenheit und Beharrlichkeit sind die Eigenschaften, die Ihnen eher weiterhelfen. Wenn Sie sich zum Auswandern nach Spanien entschieden haben, genie\u00dfen Sie dabei auch das Abenteuer. Denn dieser neue Abschnitt verlangt Mut und eine gesunde Portion Neugier.<\/p>\n","protected":false},"excerpt":{"rendered":"<div class=\"mh-excerpt\"><p>Sie spielen schon l\u00e4nger mit dem Gedanken ein neues Leben im S\u00fcden Europas&#8216; anzufangen? Graues Wetter und lange, kalte Wintermonate nerven Sie? Oder haben Sie <a class=\"mh-excerpt-more\" href=\"https:\/\/spanien.st\/de\/\" title=\"Auswandern nach Spanien\">[&#8230;]<\/a><\/p>\n<\/div>","protected":false},"author":1,"featured_media":449,"parent":0,"menu_order":0,"comment_status":"closed","ping_status":"closed","template":"","meta":{"footnotes":""},"class_list":["post-483","page","type-page","status-publish","has-post-thumbnail","hentry"],"yoast_head":"<!-- This site is optimized with the Yoast SEO plugin v27.0 - https:\/\/yoast.com\/product\/yoast-seo-wordpress\/ -->\n<title>Auswandern nach Spanien - das ist wichtig! - Spanien.st<\/title>\n<meta name=\"description\" content=\"Wer \u00fcber das Auswandern nach Spanien nachdenkt, sollte \u00fcber gewisse Dinge Bescheid wissen. Hier erfahren Sie alles Wichtige f\u00fcr ein Leben im S\u00fcden Europas.\" \/>\n<meta name=\"robots\" content=\"index, follow, max-snippet:-1, max-image-preview:large, max-video-preview:-1\" \/>\n<link rel=\"canonical\" href=\"https:\/\/spanien.st\/de\/\" \/>\n<meta property=\"og:locale\" content=\"de_DE\" \/>\n<meta property=\"og:type\" content=\"article\" \/>\n<meta property=\"og:title\" content=\"Auswandern nach Spanien - das ist wichtig! - Spanien.st\" \/>\n<meta property=\"og:description\" content=\"Wer \u00fcber das Auswandern nach Spanien nachdenkt, sollte \u00fcber gewisse Dinge Bescheid wissen. Hier erfahren Sie alles Wichtige f\u00fcr ein Leben im S\u00fcden Europas.\" \/>\n<meta property=\"og:url\" content=\"https:\/\/spanien.st\/de\/\" \/>\n<meta property=\"og:site_name\" content=\"Spanien\" \/>\n<meta property=\"article:modified_time\" content=\"2024-11-25T08:51:11+00:00\" \/>\n<meta property=\"og:image\" content=\"https:\/\/spanien.st\/wp-content\/uploads\/2017\/06\/barcelona.jpg\" \/>\n\t<meta property=\"og:image:width\" content=\"1280\" \/>\n\t<meta property=\"og:image:height\" content=\"508\" \/>\n\t<meta property=\"og:image:type\" content=\"image\/jpeg\" \/>\n<meta name=\"twitter:card\" content=\"summary_large_image\" \/>\n<meta name=\"twitter:label1\" content=\"Gesch\u00e4tzte Lesezeit\" \/>\n\t<meta name=\"twitter:data1\" content=\"11\u00a0Minuten\" \/>\n<script type=\"application\/ld+json\" class=\"yoast-schema-graph\">{\"@context\":\"https:\/\/schema.org\",\"@graph\":[{\"@type\":\"WebPage\",\"@id\":\"https:\/\/spanien.st\/de\/\",\"url\":\"https:\/\/spanien.st\/de\/\",\"name\":\"Auswandern nach Spanien - das ist wichtig! - Spanien.st\",\"isPartOf\":{\"@id\":\"https:\/\/spanien.st\/de\/#website\"},\"primaryImageOfPage\":{\"@id\":\"https:\/\/spanien.st\/de\/#primaryimage\"},\"image\":{\"@id\":\"https:\/\/spanien.st\/de\/#primaryimage\"},\"thumbnailUrl\":\"https:\/\/spanien.st\/wp-content\/uploads\/2017\/06\/barcelona.jpg\",\"datePublished\":\"2017-06-14T15:19:42+00:00\",\"dateModified\":\"2024-11-25T08:51:11+00:00\",\"description\":\"Wer \u00fcber das Auswandern nach Spanien nachdenkt, sollte \u00fcber gewisse Dinge Bescheid wissen. Hier erfahren Sie alles Wichtige f\u00fcr ein Leben im S\u00fcden Europas.\",\"breadcrumb\":{\"@id\":\"https:\/\/spanien.st\/de\/#breadcrumb\"},\"inLanguage\":\"de\",\"potentialAction\":[{\"@type\":\"ReadAction\",\"target\":[\"https:\/\/spanien.st\/de\/\"]}]},{\"@type\":\"ImageObject\",\"inLanguage\":\"de\",\"@id\":\"https:\/\/spanien.st\/de\/#primaryimage\",\"url\":\"https:\/\/spanien.st\/wp-content\/uploads\/2017\/06\/barcelona.jpg\",\"contentUrl\":\"https:\/\/spanien.st\/wp-content\/uploads\/2017\/06\/barcelona.jpg\",\"width\":1280,\"height\":508},{\"@type\":\"BreadcrumbList\",\"@id\":\"https:\/\/spanien.st\/de\/#breadcrumb\",\"itemListElement\":[{\"@type\":\"ListItem\",\"position\":1,\"name\":\"Home\",\"item\":\"https:\/\/spanien.st\/de\/\"},{\"@type\":\"ListItem\",\"position\":2,\"name\":\"Auswandern nach Spanien\"}]},{\"@type\":\"WebSite\",\"@id\":\"https:\/\/spanien.st\/de\/#website\",\"url\":\"https:\/\/spanien.st\/de\/\",\"name\":\"Spanien\",\"description\":\"\",\"publisher\":{\"@id\":\"https:\/\/spanien.st\/de\/#organization\"},\"potentialAction\":[{\"@type\":\"SearchAction\",\"target\":{\"@type\":\"EntryPoint\",\"urlTemplate\":\"https:\/\/spanien.st\/de\/?s={search_term_string}\"},\"query-input\":{\"@type\":\"PropertyValueSpecification\",\"valueRequired\":true,\"valueName\":\"search_term_string\"}}],\"inLanguage\":\"de\"},{\"@type\":\"Organization\",\"@id\":\"https:\/\/spanien.st\/de\/#organization\",\"name\":\"Spanien\",\"url\":\"https:\/\/spanien.st\/de\/\",\"logo\":{\"@type\":\"ImageObject\",\"inLanguage\":\"de\",\"@id\":\"https:\/\/spanien.st\/de\/#\/schema\/logo\/image\/\",\"url\":\"https:\/\/spanien.st\/wp-content\/uploads\/2017\/06\/logo2.png\",\"contentUrl\":\"https:\/\/spanien.st\/wp-content\/uploads\/2017\/06\/logo2.png\",\"width\":167,\"height\":100,\"caption\":\"Spanien\"},\"image\":{\"@id\":\"https:\/\/spanien.st\/de\/#\/schema\/logo\/image\/\"}}]}<\/script>\n<!-- \/ Yoast SEO plugin. -->","yoast_head_json":{"title":"Auswandern nach Spanien - das ist wichtig! - Spanien.st","description":"Wer \u00fcber das Auswandern nach Spanien nachdenkt, sollte \u00fcber gewisse Dinge Bescheid wissen. Hier erfahren Sie alles Wichtige f\u00fcr ein Leben im S\u00fcden Europas.","robots":{"index":"index","follow":"follow","max-snippet":"max-snippet:-1","max-image-preview":"max-image-preview:large","max-video-preview":"max-video-preview:-1"},"canonical":"https:\/\/spanien.st\/de\/","og_locale":"de_DE","og_type":"article","og_title":"Auswandern nach Spanien - das ist wichtig! - Spanien.st","og_description":"Wer \u00fcber das Auswandern nach Spanien nachdenkt, sollte \u00fcber gewisse Dinge Bescheid wissen. Hier erfahren Sie alles Wichtige f\u00fcr ein Leben im S\u00fcden Europas.","og_url":"https:\/\/spanien.st\/de\/","og_site_name":"Spanien","article_modified_time":"2024-11-25T08:51:11+00:00","og_image":[{"width":1280,"height":508,"url":"https:\/\/spanien.st\/wp-content\/uploads\/2017\/06\/barcelona.jpg","type":"image\/jpeg"}],"twitter_card":"summary_large_image","twitter_misc":{"Gesch\u00e4tzte Lesezeit":"11\u00a0Minuten"},"schema":{"@context":"https:\/\/schema.org","@graph":[{"@type":"WebPage","@id":"https:\/\/spanien.st\/de\/","url":"https:\/\/spanien.st\/de\/","name":"Auswandern nach Spanien - das ist wichtig! - Spanien.st","isPartOf":{"@id":"https:\/\/spanien.st\/de\/#website"},"primaryImageOfPage":{"@id":"https:\/\/spanien.st\/de\/#primaryimage"},"image":{"@id":"https:\/\/spanien.st\/de\/#primaryimage"},"thumbnailUrl":"https:\/\/spanien.st\/wp-content\/uploads\/2017\/06\/barcelona.jpg","datePublished":"2017-06-14T15:19:42+00:00","dateModified":"2024-11-25T08:51:11+00:00","description":"Wer \u00fcber das Auswandern nach Spanien nachdenkt, sollte \u00fcber gewisse Dinge Bescheid wissen. Hier erfahren Sie alles Wichtige f\u00fcr ein Leben im S\u00fcden Europas.","breadcrumb":{"@id":"https:\/\/spanien.st\/de\/#breadcrumb"},"inLanguage":"de","potentialAction":[{"@type":"ReadAction","target":["https:\/\/spanien.st\/de\/"]}]},{"@type":"ImageObject","inLanguage":"de","@id":"https:\/\/spanien.st\/de\/#primaryimage","url":"https:\/\/spanien.st\/wp-content\/uploads\/2017\/06\/barcelona.jpg","contentUrl":"https:\/\/spanien.st\/wp-content\/uploads\/2017\/06\/barcelona.jpg","width":1280,"height":508},{"@type":"BreadcrumbList","@id":"https:\/\/spanien.st\/de\/#breadcrumb","itemListElement":[{"@type":"ListItem","position":1,"name":"Home","item":"https:\/\/spanien.st\/de\/"},{"@type":"ListItem","position":2,"name":"Auswandern nach Spanien"}]},{"@type":"WebSite","@id":"https:\/\/spanien.st\/de\/#website","url":"https:\/\/spanien.st\/de\/","name":"Spanien","description":"","publisher":{"@id":"https:\/\/spanien.st\/de\/#organization"},"potentialAction":[{"@type":"SearchAction","target":{"@type":"EntryPoint","urlTemplate":"https:\/\/spanien.st\/de\/?s={search_term_string}"},"query-input":{"@type":"PropertyValueSpecification","valueRequired":true,"valueName":"search_term_string"}}],"inLanguage":"de"},{"@type":"Organization","@id":"https:\/\/spanien.st\/de\/#organization","name":"Spanien","url":"https:\/\/spanien.st\/de\/","logo":{"@type":"ImageObject","inLanguage":"de","@id":"https:\/\/spanien.st\/de\/#\/schema\/logo\/image\/","url":"https:\/\/spanien.st\/wp-content\/uploads\/2017\/06\/logo2.png","contentUrl":"https:\/\/spanien.st\/wp-content\/uploads\/2017\/06\/logo2.png","width":167,"height":100,"caption":"Spanien"},"image":{"@id":"https:\/\/spanien.st\/de\/#\/schema\/logo\/image\/"}}]}},"_links":{"self":[{"href":"https:\/\/spanien.st\/de\/wp-json\/wp\/v2\/pages\/483","targetHints":{"allow":["GET"]}}],"collection":[{"href":"https:\/\/spanien.st\/de\/wp-json\/wp\/v2\/pages"}],"about":[{"href":"https:\/\/spanien.st\/de\/wp-json\/wp\/v2\/types\/page"}],"author":[{"embeddable":true,"href":"https:\/\/spanien.st\/de\/wp-json\/wp\/v2\/users\/1"}],"replies":[{"embeddable":true,"href":"https:\/\/spanien.st\/de\/wp-json\/wp\/v2\/comments?post=483"}],"version-history":[{"count":0,"href":"https:\/\/spanien.st\/de\/wp-json\/wp\/v2\/pages\/483\/revisions"}],"wp:featuredmedia":[{"embeddable":true,"href":"https:\/\/spanien.st\/de\/wp-json\/wp\/v2\/media\/449"}],"wp:attachment":[{"href":"https:\/\/spanien.st\/de\/wp-json\/wp\/v2\/media?parent=483"}],"curies":[{"name":"wp","href":"https:\/\/api.w.org\/{rel}","templated":true}]}}